{"id":128,"date":"2025-09-25T13:21:31","date_gmt":"2025-09-25T10:21:31","guid":{"rendered":"https:\/\/www.mitasklima.com\/tekstilklimasistemleri\/?page_id=128"},"modified":"2025-09-25T13:21:31","modified_gmt":"2025-09-25T10:21:31","slug":"iletisim","status":"publish","type":"page","link":"https:\/\/www.mitasklima.com\/tekstilklimasistemleri\/iletisim","title":{"rendered":"\u0130leti\u015fim"},"content":{"rendered":"<p><strong>\u0130leti\u015fim bilgileri<\/strong><\/p>\n<p>Eposta:\u00a0<a href=\"mailto:mitas@mitasklima.com\">mitas@mitasklima.com<\/a><\/p>\n<p><strong>Telefon: +90 539 701 12 79<br \/>\nTelefon: +90 216 450 28 90<\/strong><\/p>\n<p>Merkez: Ac\u0131badem Mah. Ac\u0131badem Cad. \u0130\u015fbankas\u0131 \u0130brahima\u011fa Bloklar\u0131 A3-Blok No:75 D:13 Kadik\u00f6y\/ \u0130stanbul<\/p>\n","protected":false},"excerpt":{"rendered":"<p>\u0130leti\u015fim bilgileri Eposta:\u00a0mitas@mitasklima.com Telefon: +90 539 701 12 79 Telefon: +90 216 450 28 90 Merkez: Ac\u0131badem Mah. Ac\u0131badem Cad. [&hellip;]<\/p>\n","protected":false},"author":1,"featured_media":0,"parent":0,"menu_order":0,"comment_status":"closed","ping_status":"closed","template":"","meta":{"footnotes":""},"class_list":["post-128","page","type-page","status-publish","hentry"],"aioseo_notices":[],"_links":{"self":[{"href":"https:\/\/www.mitasklima.com\/tekstilklimasistemleri\/wp-json\/wp\/v2\/pages\/128","targetHints":{"allow":["GET"]}}],"collection":[{"href":"https:\/\/www.mitasklima.com\/tekstilklimasistemleri\/wp-json\/wp\/v2\/pages"}],"about":[{"href":"https:\/\/www.mitasklima.com\/tekstilklimasistemleri\/wp-json\/wp\/v2\/types\/page"}],"author":[{"embeddable":true,"href":"https:\/\/www.mitasklima.com\/tekstilklimasistemleri\/wp-json\/wp\/v2\/users\/1"}],"replies":[{"embeddable":true,"href":"https:\/\/www.mitasklima.com\/tekstilklimasistemleri\/wp-json\/wp\/v2\/comments?post=128"}],"version-history":[{"count":1,"href":"https:\/\/www.mitasklima.com\/tekstilklimasistemleri\/wp-json\/wp\/v2\/pages\/128\/revisions"}],"predecessor-version":[{"id":129,"href":"https:\/\/www.mitasklima.com\/tekstilklimasistemleri\/wp-json\/wp\/v2\/pages\/128\/revisions\/129"}],"wp:attachment":[{"href":"https:\/\/www.mitasklima.com\/tekstilklimasistemleri\/wp-json\/wp\/v2\/media?parent=128"}],"curies":[{"name":"wp","href":"https:\/\/api.w.org\/{rel}","templated":true}]}}